{"id":23,"date":"2024-07-06T06:05:37","date_gmt":"2024-07-06T06:05:37","guid":{"rendered":"https:\/\/letrerospublicitarios.menarte.com\/?page_id=23"},"modified":"2024-07-07T11:55:27","modified_gmt":"2024-07-07T11:55:27","slug":"letreros","status":"publish","type":"page","link":"https:\/\/letrerospublicitarios.menarte.com\/?page_id=23","title":{"rendered":"Letreros"},"content":{"rendered":"\n<div class=\"wp-block-group alignfull is-content-justification-center\" style=\"margin-top:0;margin-bottom:0\"><div class=\"wp-block-group__inner-container is-layout-constrained wp-block-group-is-layout-constrained\">\n<div style=\"height:var(--wp--preset--spacing--20)\" aria-hidden=\"true\" class=\"wp-block-spacer\"><\/div>\n\n\n\n<div class=\"wp-block-group alignwide\"><div class=\"wp-block-group__inner-container is-layout-flow wp-block-group-is-layout-flow\">\n<div class=\"wp-block-columns alignwide are-vertically-aligned-top is-layout-flex wp-container-core-columns-is-layout-ac3ebc3b wp-block-columns-is-layout-flex\">\n<div class=\"wp-block-column is-vertically-aligned-top is-content-justification-left is-layout-constrained wp-container-core-column-is-layout-02d07192 wp-block-column-is-layout-constrained\">\n<h2 class=\"wp-block-heading\">Descubre el tipo de letrero que necesitas.<\/h2>\n<\/div>\n\n\n\n<div class=\"wp-block-column is-vertically-aligned-top is-layout-flow wp-block-column-is-layout-flow\" style=\"flex-basis:40%\">\n<p>En el mundo de los negocios todo emprendimiento desde los m\u00e1s peque\u00f1o hasta lo m\u00e1s grande tiene una identidad el cu\u00e1l es reflejado por medio de una marca, ello se puede concretar en alguna pieza gr\u00e1fica como un letrero y en sus diferentes variedades dependiendo de la forma, calidad, material y funcionalidad.<\/p>\n<\/div>\n<\/div>\n\n\n\n<figure class=\"wp-block-image alignfull size-large\"><img loading=\"lazy\" decoding=\"async\" width=\"1024\" height=\"683\" src=\"https:\/\/letrerospublicitarios.menarte.com\/wp-content\/uploads\/2024\/07\/MANILA-CONCEPTO-DE-MARCA-1024x683.png\" alt=\"\" class=\"wp-image-164\" srcset=\"https:\/\/letrerospublicitarios.menarte.com\/wp-content\/uploads\/2024\/07\/MANILA-CONCEPTO-DE-MARCA-1024x683.png 1024w, https:\/\/letrerospublicitarios.menarte.com\/wp-content\/uploads\/2024\/07\/MANILA-CONCEPTO-DE-MARCA-300x200.png 300w, https:\/\/letrerospublicitarios.menarte.com\/wp-content\/uploads\/2024\/07\/MANILA-CONCEPTO-DE-MARCA-768x512.png 768w, https:\/\/letrerospublicitarios.menarte.com\/wp-content\/uploads\/2024\/07\/MANILA-CONCEPTO-DE-MARCA-1536x1024.png 1536w, https:\/\/letrerospublicitarios.menarte.com\/wp-content\/uploads\/2024\/07\/MANILA-CONCEPTO-DE-MARCA-2048x1365.png 2048w, https:\/\/letrerospublicitarios.menarte.com\/wp-content\/uploads\/2024\/07\/MANILA-CONCEPTO-DE-MARCA-272x182.png 272w\" sizes=\"auto, (max-width: 1024px) 100vw, 1024px\" \/><\/figure>\n\n\n\n<div style=\"height:var(--wp--preset--spacing--20)\" aria-hidden=\"true\" class=\"wp-block-spacer\"><\/div>\n<\/div><\/div>\n\n\n\n<div style=\"height:var(--wp--preset--spacing--20)\" aria-hidden=\"true\" class=\"wp-block-spacer\"><\/div>\n<\/div><\/div>\n\n\n\n<div class=\"wp-block-cover alignfull\" style=\"margin-top:0;padding-top:5vw;padding-right:5vw;padding-bottom:5vw;padding-left:5vw\"><span aria-hidden=\"true\" class=\"wp-block-cover__background has-background-dim-100 has-background-dim\" style=\"background-color:#d1362a\"><\/span><div class=\"wp-block-cover__inner-container is-layout-flow wp-block-cover-is-layout-flow\">\n<div class=\"wp-block-group is-layout-flex wp-container-core-group-is-layout-7f408244 wp-block-group-is-layout-flex\">\n<div class=\"wp-block-group wp-container-content-9cfa9a5a\"><div class=\"wp-block-group__inner-container is-layout-flow wp-block-group-is-layout-flow\">\n<p class=\"has-text-align-left has-black-color has-text-color\" style=\"font-size:148px;font-style:normal;font-weight:700;letter-spacing:-4px;line-height:0.9;text-transform:none\">Hablemos <\/p>\n\n\n\n<p class=\"has-text-align-left has-white-color has-text-color\" style=\"font-size:148px;font-style:normal;font-weight:700;letter-spacing:-4px;line-height:0.9;text-transform:none\">\u2014 De tu proyecto<\/p>\n<\/div><\/div>\n\n\n\n<div class=\"wp-block-group wp-container-content-5b91cf2b is-vertical is-nowrap is-layout-flex wp-container-core-group-is-layout-07e09966 wp-block-group-is-layout-flex\">\n<p style=\"font-size:17px;font-style:normal;font-weight:500;letter-spacing:0px;line-height:1.4;text-decoration:none;text-transform:none\">Cuando recibimos el encargo de desarrollar un proyecto nos lo tomamos en serio y cuidamos todos los detalles para cuidar la identidad de tu marca.<\/p>\n\n\n\n<div class=\"wp-block-buttons is-layout-flex wp-block-buttons-is-layout-flex\">\n<div class=\"wp-block-button has-custom-font-size\" style=\"font-size:20px;font-style:normal;font-weight:700;letter-spacing:0px;text-decoration:none;text-transform:none\"><a class=\"wp-block-button__link has-white-color has-black-background-color has-text-color has-background wp-element-button\" style=\"border-radius:0px;border-top-style:none;border-top-width:0px;border-right-style:none;border-right-width:0px;border-bottom-style:none;border-bottom-width:0px;border-left-style:none;border-left-width:0px;padding-top:24px;padding-right:36px;padding-bottom:24px;padding-left:36px\">Hablemos ahora<\/a><\/div>\n<\/div>\n<\/div>\n<\/div>\n<\/div><\/div>\n\n\n\n<figure class=\"wp-block-gallery has-nested-images columns-default is-cropped wp-block-gallery-1 is-layout-flex wp-block-gallery-is-layout-flex\">\n<figure class=\"wp-block-image size-large\"><img loading=\"lazy\" decoding=\"async\" width=\"1024\" height=\"768\" data-id=\"101\" src=\"https:\/\/letrerospublicitarios.menarte.com\/wp-content\/uploads\/2024\/07\/IMG_20190308_150654009-1024x768.jpg\" alt=\"\" class=\"wp-image-101\" srcset=\"https:\/\/letrerospublicitarios.menarte.com\/wp-content\/uploads\/2024\/07\/IMG_20190308_150654009-1024x768.jpg 1024w, https:\/\/letrerospublicitarios.menarte.com\/wp-content\/uploads\/2024\/07\/IMG_20190308_150654009-300x225.jpg 300w, https:\/\/letrerospublicitarios.menarte.com\/wp-content\/uploads\/2024\/07\/IMG_20190308_150654009-768x576.jpg 768w, https:\/\/letrerospublicitarios.menarte.com\/wp-content\/uploads\/2024\/07\/IMG_20190308_150654009-1536x1152.jpg 1536w, https:\/\/letrerospublicitarios.menarte.com\/wp-content\/uploads\/2024\/07\/IMG_20190308_150654009-2048x1536.jpg 2048w\" sizes=\"auto, (max-width: 1024px) 100vw, 1024px\" \/><\/figure>\n\n\n\n<figure class=\"wp-block-image size-large\"><img loading=\"lazy\" decoding=\"async\" width=\"1024\" height=\"768\" data-id=\"105\" src=\"https:\/\/letrerospublicitarios.menarte.com\/wp-content\/uploads\/2024\/07\/IMG_20190321_173002824-1024x768.jpg\" alt=\"\" class=\"wp-image-105\" srcset=\"https:\/\/letrerospublicitarios.menarte.com\/wp-content\/uploads\/2024\/07\/IMG_20190321_173002824-1024x768.jpg 1024w, https:\/\/letrerospublicitarios.menarte.com\/wp-content\/uploads\/2024\/07\/IMG_20190321_173002824-300x225.jpg 300w, https:\/\/letrerospublicitarios.menarte.com\/wp-content\/uploads\/2024\/07\/IMG_20190321_173002824-768x576.jpg 768w, https:\/\/letrerospublicitarios.menarte.com\/wp-content\/uploads\/2024\/07\/IMG_20190321_173002824-1536x1152.jpg 1536w, https:\/\/letrerospublicitarios.menarte.com\/wp-content\/uploads\/2024\/07\/IMG_20190321_173002824-2048x1536.jpg 2048w\" sizes=\"auto, (max-width: 1024px) 100vw, 1024px\" \/><\/figure>\n\n\n\n<figure class=\"wp-block-image size-large\"><img loading=\"lazy\" decoding=\"async\" width=\"1024\" height=\"768\" data-id=\"98\" src=\"https:\/\/letrerospublicitarios.menarte.com\/wp-content\/uploads\/2024\/07\/IMG_20190430_172851248-1024x768.jpg\" alt=\"\" class=\"wp-image-98\" srcset=\"https:\/\/letrerospublicitarios.menarte.com\/wp-content\/uploads\/2024\/07\/IMG_20190430_172851248-1024x768.jpg 1024w, https:\/\/letrerospublicitarios.menarte.com\/wp-content\/uploads\/2024\/07\/IMG_20190430_172851248-300x225.jpg 300w, https:\/\/letrerospublicitarios.menarte.com\/wp-content\/uploads\/2024\/07\/IMG_20190430_172851248-768x576.jpg 768w, https:\/\/letrerospublicitarios.menarte.com\/wp-content\/uploads\/2024\/07\/IMG_20190430_172851248-1536x1152.jpg 1536w, https:\/\/letrerospublicitarios.menarte.com\/wp-content\/uploads\/2024\/07\/IMG_20190430_172851248-2048x1536.jpg 2048w\" sizes=\"auto, (max-width: 1024px) 100vw, 1024px\" \/><\/figure>\n\n\n\n<figure class=\"wp-block-image size-large\"><img loading=\"lazy\" decoding=\"async\" width=\"1024\" height=\"768\" data-id=\"99\" src=\"https:\/\/letrerospublicitarios.menarte.com\/wp-content\/uploads\/2024\/07\/IMG_20190503_171707562-1024x768.jpg\" alt=\"\" class=\"wp-image-99\" srcset=\"https:\/\/letrerospublicitarios.menarte.com\/wp-content\/uploads\/2024\/07\/IMG_20190503_171707562-1024x768.jpg 1024w, https:\/\/letrerospublicitarios.menarte.com\/wp-content\/uploads\/2024\/07\/IMG_20190503_171707562-300x225.jpg 300w, https:\/\/letrerospublicitarios.menarte.com\/wp-content\/uploads\/2024\/07\/IMG_20190503_171707562-768x576.jpg 768w, https:\/\/letrerospublicitarios.menarte.com\/wp-content\/uploads\/2024\/07\/IMG_20190503_171707562-1536x1152.jpg 1536w, https:\/\/letrerospublicitarios.menarte.com\/wp-content\/uploads\/2024\/07\/IMG_20190503_171707562-2048x1536.jpg 2048w\" sizes=\"auto, (max-width: 1024px) 100vw, 1024px\" \/><\/figure>\n\n\n\n<figure class=\"wp-block-image size-large\"><img loading=\"lazy\" decoding=\"async\" width=\"1024\" height=\"768\" data-id=\"90\" src=\"https:\/\/letrerospublicitarios.menarte.com\/wp-content\/uploads\/2024\/07\/IMG_20190305_042612485-1024x768.jpg\" alt=\"\" class=\"wp-image-90\" srcset=\"https:\/\/letrerospublicitarios.menarte.com\/wp-content\/uploads\/2024\/07\/IMG_20190305_042612485-1024x768.jpg 1024w, https:\/\/letrerospublicitarios.menarte.com\/wp-content\/uploads\/2024\/07\/IMG_20190305_042612485-300x225.jpg 300w, https:\/\/letrerospublicitarios.menarte.com\/wp-content\/uploads\/2024\/07\/IMG_20190305_042612485-768x576.jpg 768w, https:\/\/letrerospublicitarios.menarte.com\/wp-content\/uploads\/2024\/07\/IMG_20190305_042612485-1536x1152.jpg 1536w, https:\/\/letrerospublicitarios.menarte.com\/wp-content\/uploads\/2024\/07\/IMG_20190305_042612485-2048x1536.jpg 2048w\" sizes=\"auto, (max-width: 1024px) 100vw, 1024px\" \/><\/figure>\n\n\n\n<figure class=\"wp-block-image size-large\"><img loading=\"lazy\" decoding=\"async\" width=\"1024\" height=\"768\" data-id=\"96\" src=\"https:\/\/letrerospublicitarios.menarte.com\/wp-content\/uploads\/2024\/07\/IMG_20190305_141814910-1024x768.jpg\" alt=\"\" class=\"wp-image-96\" srcset=\"https:\/\/letrerospublicitarios.menarte.com\/wp-content\/uploads\/2024\/07\/IMG_20190305_141814910-1024x768.jpg 1024w, https:\/\/letrerospublicitarios.menarte.com\/wp-content\/uploads\/2024\/07\/IMG_20190305_141814910-300x225.jpg 300w, https:\/\/letrerospublicitarios.menarte.com\/wp-content\/uploads\/2024\/07\/IMG_20190305_141814910-768x576.jpg 768w, https:\/\/letrerospublicitarios.menarte.com\/wp-content\/uploads\/2024\/07\/IMG_20190305_141814910-1536x1152.jpg 1536w, https:\/\/letrerospublicitarios.menarte.com\/wp-content\/uploads\/2024\/07\/IMG_20190305_141814910-2048x1536.jpg 2048w\" sizes=\"auto, (max-width: 1024px) 100vw, 1024px\" \/><\/figure>\n<\/figure>\n","protected":false},"excerpt":{"rendered":"<p>Descubre el tipo de letrero que necesitas. En el mundo de los negocios todo emprendimiento desde los m\u00e1s peque\u00f1o hasta lo m\u00e1s grande tiene una identidad el cu\u00e1l es reflejado por medio de una marca, ello se puede concretar en alguna pieza gr\u00e1fica como un letrero y en sus diferentes variedades dependiendo de la forma, [&hellip;]<\/p>\n","protected":false},"author":1,"featured_media":0,"parent":0,"menu_order":0,"comment_status":"closed","ping_status":"closed","template":"","meta":{"footnotes":""},"class_list":["post-23","page","type-page","status-publish","hentry","post"],"_links":{"self":[{"href":"https:\/\/letrerospublicitarios.menarte.com\/index.php?rest_route=\/wp\/v2\/pages\/23","targetHints":{"allow":["GET"]}}],"collection":[{"href":"https:\/\/letrerospublicitarios.menarte.com\/index.php?rest_route=\/wp\/v2\/pages"}],"about":[{"href":"https:\/\/letrerospublicitarios.menarte.com\/index.php?rest_route=\/wp\/v2\/types\/page"}],"author":[{"embeddable":true,"href":"https:\/\/letrerospublicitarios.menarte.com\/index.php?rest_route=\/wp\/v2\/users\/1"}],"replies":[{"embeddable":true,"href":"https:\/\/letrerospublicitarios.menarte.com\/index.php?rest_route=%2Fwp%2Fv2%2Fcomments&post=23"}],"version-history":[{"count":17,"href":"https:\/\/letrerospublicitarios.menarte.com\/index.php?rest_route=\/wp\/v2\/pages\/23\/revisions"}],"predecessor-version":[{"id":166,"href":"https:\/\/letrerospublicitarios.menarte.com\/index.php?rest_route=\/wp\/v2\/pages\/23\/revisions\/166"}],"wp:attachment":[{"href":"https:\/\/letrerospublicitarios.menarte.com\/index.php?rest_route=%2Fwp%2Fv2%2Fmedia&parent=23"}],"curies":[{"name":"wp","href":"https:\/\/api.w.org\/{rel}","templated":true}]}}